{"id":510,"date":"2025-09-11T13:03:18","date_gmt":"2025-09-11T13:03:18","guid":{"rendered":"https:\/\/damasceno85.pt\/index.php\/contacto\/"},"modified":"2025-09-20T15:43:00","modified_gmt":"2025-09-20T15:43:00","slug":"contacto","status":"publish","type":"page","link":"https:\/\/damasceno85.pt\/pt-pt\/index.php\/contacto\/","title":{"rendered":"Contacto"},"content":{"rendered":"\t\t<div data-elementor-type=\"wp-page\" data-elementor-id=\"510\" class=\"elementor elementor-510 elementor-116\" data-elementor-post-type=\"page\">\n\t\t\t\t<div class=\"elementor-element elementor-element-ae92f51 e-flex e-con-boxed e-con e-parent\" data-id=\"ae92f51\" data-element_type=\"container\" data-e-type=\"container\" data-settings=\"{&quot;background_background&quot;:&quot;classic&quot;}\">\n\t\t\t\t\t<div class=\"e-con-inner\">\n\t\t\t\t\t<\/div>\n\t\t\t\t<\/div>\n\t\t<div class=\"elementor-element elementor-element-b2471b1 e-flex e-con-boxed e-con e-parent\" data-id=\"b2471b1\" data-element_type=\"container\" data-e-type=\"container\">\n\t\t\t\t\t<div class=\"e-con-inner\">\n\t\t<div class=\"elementor-element elementor-element-b21f195 e-con-full e-flex e-con e-child\" data-id=\"b21f195\" data-element_type=\"container\" data-e-type=\"container\">\n\t\t\t\t<div class=\"elementor-element elementor-element-3183b46 elementor-widget elementor-widget-heading\" data-id=\"3183b46\" data-element_type=\"widget\" data-e-type=\"widget\" data-widget_type=\"heading.default\">\n\t\t\t\t\t<h1 class=\"elementor-heading-title elementor-size-default\">Contacte-nos | Damasceno 85<\/h1>\t\t\t\t<\/div>\n\t\t\t\t<div class=\"elementor-element elementor-element-39228b7 elementor-widget__width-initial elementor-widget elementor-widget-text-editor\" data-id=\"39228b7\" data-element_type=\"widget\" data-e-type=\"widget\" data-widget_type=\"text-editor.default\">\n\t\t\t\t\t\t\t\t\t<p>Por favor, preencha o formul\u00e1rio. Teremos todo o prazer em dar-lhe mais informa\u00e7\u00f5es sobre os apartamentos ou em organizar uma visita.<\/p>\t\t\t\t\t\t\t\t<\/div>\n\t\t\t\t<\/div>\n\t\t<div class=\"elementor-element elementor-element-cfe3298 e-con-full e-flex e-con e-child\" data-id=\"cfe3298\" data-element_type=\"container\" data-e-type=\"container\">\n\t\t\t\t<div class=\"elementor-element elementor-element-0492a3e elementor-button-align-end elementor-mobile-button-align-center elementor-widget__width-initial elementor-widget-mobile__width-inherit elementor-widget elementor-widget-form\" data-id=\"0492a3e\" data-element_type=\"widget\" data-e-type=\"widget\" data-settings=\"{&quot;button_width&quot;:&quot;50&quot;,&quot;step_next_label&quot;:&quot;Seguinte&quot;,&quot;step_previous_label&quot;:&quot;Anterior&quot;,&quot;step_type&quot;:&quot;number_text&quot;,&quot;step_icon_shape&quot;:&quot;circle&quot;}\" data-widget_type=\"form.default\">\n\t\t\t\t\t\t\t<form class=\"elementor-form\" method=\"post\" name=\"Formul\u00e1rio de contacto\" aria-label=\"Formul\u00e1rio de contacto\">\n\t\t\t<input type=\"hidden\" name=\"post_id\" value=\"510\"\/>\n\t\t\t<input type=\"hidden\" name=\"form_id\" value=\"0492a3e\"\/>\n\t\t\t<input type=\"hidden\" name=\"referer_title\" value=\"Contacto | DAMASCENO 85\" \/>\n\n\t\t\t\t\t\t\t<input type=\"hidden\" name=\"queried_id\" value=\"510\"\/>\n\t\t\t\n\t\t\t<div class=\"elementor-form-fields-wrapper elementor-labels-above\">\n\t\t\t\t\t\t\t\t<div class=\"elementor-field-type-text elementor-field-group elementor-column elementor-field-group-name elementor-col-50\">\n\t\t\t\t\t\t\t\t\t\t\t\t<label for=\"form-field-name\" class=\"elementor-field-label\">\n\t\t\t\t\t\t\t\tNome completo\t\t\t\t\t\t\t<\/label>\n\t\t\t\t\t\t\t\t\t\t\t\t\t\t<input size=\"1\" type=\"text\" name=\"form_fields[name]\" id=\"form-field-name\" class=\"elementor-field elementor-size-sm  elementor-field-textual\" placeholder=\"O seu nome\">\n\t\t\t\t\t\t\t\t\t\t\t<\/div>\n\t\t\t\t\t\t\t\t<div class=\"elementor-field-type-tel elementor-field-group elementor-column elementor-field-group-field_780b3ff elementor-col-50\">\n\t\t\t\t\t\t\t\t\t\t\t\t<label for=\"form-field-field_780b3ff\" class=\"elementor-field-label\">\n\t\t\t\t\t\t\t\tN\u00famero de telefone\t\t\t\t\t\t\t<\/label>\n\t\t\t\t\t\t\t\t<input size=\"1\" type=\"tel\" name=\"form_fields[field_780b3ff]\" id=\"form-field-field_780b3ff\" class=\"elementor-field elementor-size-sm  elementor-field-textual\" placeholder=\"O seu n\u00famero de telefone\" pattern=\"[0-9()#&amp;+*-=.]+\" title=\"Only numbers and phone characters (#, -, *, etc) are accepted.\">\n\n\t\t\t\t\t\t<\/div>\n\t\t\t\t\t\t\t\t<div class=\"elementor-field-type-email elementor-field-group elementor-column elementor-field-group-email elementor-col-50 elementor-field-required\">\n\t\t\t\t\t\t\t\t\t\t\t\t<label for=\"form-field-email\" class=\"elementor-field-label\">\n\t\t\t\t\t\t\t\tEndere\u00e7o de email\t\t\t\t\t\t\t<\/label>\n\t\t\t\t\t\t\t\t\t\t\t\t\t\t<input size=\"1\" type=\"email\" name=\"form_fields[email]\" id=\"form-field-email\" class=\"elementor-field elementor-size-sm  elementor-field-textual\" placeholder=\"O seu email\" required=\"required\">\n\t\t\t\t\t\t\t\t\t\t\t<\/div>\n\t\t\t\t\t\t\t\t<div class=\"elementor-field-type-select elementor-field-group elementor-column elementor-field-group-field_42aad7c elementor-col-50\">\n\t\t\t\t\t\t\t\t\t\t\t\t<label for=\"form-field-field_42aad7c\" class=\"elementor-field-label\">\n\t\t\t\t\t\t\t\tAssunto\t\t\t\t\t\t\t<\/label>\n\t\t\t\t\t\t\t\t<div class=\"elementor-field elementor-select-wrapper remove-before \">\n\t\t\t<div class=\"select-caret-down-wrapper\">\n\t\t\t\t<svg aria-hidden=\"true\" class=\"e-font-icon-svg e-eicon-caret-down\" viewBox=\"0 0 571.4 571.4\" xmlns=\"http:\/\/www.w3.org\/2000\/svg\"><path d=\"M571 393Q571 407 561 418L311 668Q300 679 286 679T261 668L11 418Q0 407 0 393T11 368 36 357H536Q550 357 561 368T571 393Z\"><\/path><\/svg>\t\t\t<\/div>\n\t\t\t<select name=\"form_fields[field_42aad7c]\" id=\"form-field-field_42aad7c\" class=\"elementor-field-textual elementor-size-sm\">\n\t\t\t\t\t\t\t\t\t<option value=\"Agendar uma visita \">Agendar uma visita <\/option>\n\t\t\t\t\t\t\t\t\t<option value=\"Pedir mais informa\u00e7\u00f5es\">Pedir mais informa\u00e7\u00f5es<\/option>\n\t\t\t\t\t\t\t<\/select>\n\t\t<\/div>\n\t\t\t\t\t\t<\/div>\n\t\t\t\t\t\t\t\t<div class=\"elementor-field-type-recaptcha_v3 elementor-field-group elementor-column elementor-field-group-field_f6ab99a elementor-col-100 recaptcha_v3-bottomright\">\n\t\t\t\t\t<div class=\"elementor-field\" id=\"form-field-field_f6ab99a\"><div class=\"elementor-g-recaptcha\" data-sitekey=\"6Lc5d8srAAAAAHcL_7OQHrFNncUh192BUcxv6jD0\" data-type=\"v3\" data-action=\"Form\" data-badge=\"bottomright\" data-size=\"invisible\"><\/div><\/div>\t\t\t\t<\/div>\n\t\t\t\t\t\t\t\t<div class=\"elementor-field-type-textarea elementor-field-group elementor-column elementor-field-group-message elementor-col-50\">\n\t\t\t\t\t\t\t\t\t\t\t\t<label for=\"form-field-message\" class=\"elementor-field-label\">\n\t\t\t\t\t\t\t\tMensagem\t\t\t\t\t\t\t<\/label>\n\t\t\t\t\t\t<textarea class=\"elementor-field-textual elementor-field  elementor-size-sm\" name=\"form_fields[message]\" id=\"form-field-message\" rows=\"4\" placeholder=\"A sua mensagem\"><\/textarea>\t\t\t\t<\/div>\n\t\t\t\t\t\t\t\t<div class=\"elementor-field-group elementor-column elementor-field-type-submit elementor-col-50 e-form__buttons\">\n\t\t\t\t\t<button class=\"elementor-button elementor-size-lg\" type=\"submit\">\n\t\t\t\t\t\t<span class=\"elementor-button-content-wrapper\">\n\t\t\t\t\t\t\t\t\t\t\t\t\t\t\t\t\t\t\t\t\t\t<span class=\"elementor-button-text\">Enviar<\/span>\n\t\t\t\t\t\t\t\t\t\t\t\t\t<\/span>\n\t\t\t\t\t<\/button>\n\t\t\t\t<\/div>\n\t\t\t<\/div>\n\t\t<\/form>\n\t\t\t\t\t\t<\/div>\n\t\t\t\t<\/div>\n\t\t\t\t\t<\/div>\n\t\t\t\t<\/div>\n\t\t<div class=\"elementor-element elementor-element-cf7425f e-flex e-con-boxed e-con e-parent\" data-id=\"cf7425f\" data-element_type=\"container\" data-e-type=\"container\">\n\t\t\t\t\t<div class=\"e-con-inner\">\n\t\t<div class=\"elementor-element elementor-element-d2ed7b5 e-con-full e-flex e-con e-child\" data-id=\"d2ed7b5\" data-element_type=\"container\" data-e-type=\"container\" data-settings=\"{&quot;background_background&quot;:&quot;classic&quot;}\">\n\t\t\t\t<\/div>\n\t\t<div class=\"elementor-element elementor-element-d1ec219 e-con-full e-flex e-con e-child\" data-id=\"d1ec219\" data-element_type=\"container\" data-e-type=\"container\">\n\t\t\t\t<div class=\"elementor-element elementor-element-4c5e9ca elementor-position-inline-start elementor-view-default elementor-mobile-position-block-start elementor-widget elementor-widget-icon-box\" data-id=\"4c5e9ca\" data-element_type=\"widget\" data-e-type=\"widget\" data-widget_type=\"icon-box.default\">\n\t\t\t\t\t\t\t<div class=\"elementor-icon-box-wrapper\">\n\n\t\t\t\t\t\t<div class=\"elementor-icon-box-icon\">\n\t\t\t\t<span  class=\"elementor-icon\">\n\t\t\t\t<svg aria-hidden=\"true\" class=\"e-font-icon-svg e-fas-circle\" viewBox=\"0 0 512 512\" xmlns=\"http:\/\/www.w3.org\/2000\/svg\"><path d=\"M256 8C119 8 8 119 8 256s111 248 248 248 248-111 248-248S393 8 256 8z\"><\/path><\/svg>\t\t\t\t<\/span>\n\t\t\t<\/div>\n\t\t\t\n\t\t\t\t\t\t<div class=\"elementor-icon-box-content\">\n\n\t\t\t\t\t\t\t\t\t<h5 class=\"elementor-icon-box-title\">\n\t\t\t\t\t\t<span  >\n\t\t\t\t\t\t\tSobre o seu especialista imobili\u00e1rio\t\t\t\t\t\t<\/span>\n\t\t\t\t\t<\/h5>\n\t\t\t\t\n\t\t\t\t\n\t\t\t<\/div>\n\t\t\t\n\t\t<\/div>\n\t\t\t\t\t\t<\/div>\n\t\t\t\t<div class=\"elementor-element elementor-element-415fe98 elementor-widget elementor-widget-heading\" data-id=\"415fe98\" data-element_type=\"widget\" data-e-type=\"widget\" data-widget_type=\"heading.default\">\n\t\t\t\t\t<h2 class=\"elementor-heading-title elementor-size-default\">Sou Pascal Chesnot, o seu especialista imobili\u00e1rio em Portugal<\/h2>\t\t\t\t<\/div>\n\t\t\t\t<div class=\"elementor-element elementor-element-08fde40 elementor-widget elementor-widget-text-editor\" data-id=\"08fde40\" data-element_type=\"widget\" data-e-type=\"widget\" data-widget_type=\"text-editor.default\">\n\t\t\t\t\t\t\t\t\t<p>Depois de mais de uma d\u00e9cada no marketing musical em Paris e Nova Iorque, mudei-me para Lisboa em 2005 para perseguir um novo sonho e uma nova vida.<\/p><p>Cinco anos depois, abri \u201cLe Petit Bistro\u201d, um restaurante franc\u00eas na Bica, que vendi em 2015.<\/p><p>Desde ent\u00e3o, tenho-me concentrado na curadoria de propriedades raras e projetos imobili\u00e1rios distintos em Lisboa, Alentejo e Portugal Central.<\/p>\t\t\t\t\t\t\t\t<\/div>\n\t\t\t\t<div class=\"elementor-element elementor-element-62d1505 elementor-invisible elementor-widget elementor-widget-button\" data-id=\"62d1505\" data-element_type=\"widget\" data-e-type=\"widget\" data-settings=\"{&quot;_animation&quot;:&quot;fadeInRight&quot;}\" data-widget_type=\"button.default\">\n\t\t\t\t\t\t\t\t\t\t<a class=\"elementor-button elementor-button-link elementor-size-lg\" href=\"https:\/\/pascalchesnot.com\/\" target=\"_blank\">\n\t\t\t\t\t\t<span class=\"elementor-button-content-wrapper\">\n\t\t\t\t\t\t\t\t\t<span class=\"elementor-button-text\">Visite o meu site<\/span>\n\t\t\t\t\t<\/span>\n\t\t\t\t\t<\/a>\n\t\t\t\t\t\t\t\t<\/div>\n\t\t\t\t<\/div>\n\t\t\t\t\t<\/div>\n\t\t\t\t<\/div>\n\t\t\t\t<\/div>\n\t\t","protected":false},"excerpt":{"rendered":"<p>Contacte-nos | Damasceno 85 Por favor, preencha o formul\u00e1rio. Teremos todo o prazer em dar-lhe mais informa\u00e7\u00f5es sobre os apartamentos ou em organizar uma visita. Sobre o seu especialista imobili\u00e1rio Sou Pascal Chesnot, o seu especialista imobili\u00e1rio em Portugal Depois de mais de uma d\u00e9cada no marketing musical em Paris e Nova Iorque, mudei-me para [&hellip;]<\/p>\n","protected":false},"author":1,"featured_media":0,"parent":0,"menu_order":0,"comment_status":"closed","ping_status":"closed","template":"","meta":{"footnotes":""},"class_list":["post-510","page","type-page","status-publish","hentry"],"yoast_head":"<!-- This site is optimized with the Yoast SEO plugin v27.4 - https:\/\/yoast.com\/product\/yoast-seo-wordpress\/ -->\n<title>Contacto | DAMASCENO 85<\/title>\n<meta name=\"description\" content=\"Contacte-nos para visitar os apartamentos ou saber mais sobre a constru\u00e7\u00e3o.\" \/>\n<meta name=\"robots\" content=\"index, follow, max-snippet:-1, max-image-preview:large, max-video-preview:-1\" \/>\n<link rel=\"canonical\" href=\"https:\/\/damasceno85.pt\/pt-pt\/index.php\/contacto\/\" \/>\n<meta property=\"og:locale\" content=\"pt_PT\" \/>\n<meta property=\"og:type\" content=\"article\" \/>\n<meta property=\"og:title\" content=\"Contacto | DAMASCENO 85\" \/>\n<meta property=\"og:description\" content=\"Contacte-nos para visitar os apartamentos ou saber mais sobre a constru\u00e7\u00e3o.\" \/>\n<meta property=\"og:url\" content=\"https:\/\/damasceno85.pt\/pt-pt\/index.php\/contacto\/\" \/>\n<meta property=\"og:site_name\" content=\"DAMASCENO 85\" \/>\n<meta property=\"article:modified_time\" content=\"2025-09-20T15:43:00+00:00\" \/>\n<meta property=\"og:image\" content=\"https:\/\/damasceno85.pt\/wp-content\/uploads\/2025\/09\/CB3D_SALA-PISO-1_VIEW-2_LOW-RES_V3-1024x577.png\" \/>\n\t<meta property=\"og:image:width\" content=\"1024\" \/>\n\t<meta property=\"og:image:height\" content=\"577\" \/>\n\t<meta property=\"og:image:type\" content=\"image\/png\" \/>\n<meta name=\"twitter:card\" content=\"summary_large_image\" \/>\n<meta name=\"twitter:label1\" content=\"Tempo estimado de leitura\" \/>\n\t<meta name=\"twitter:data1\" content=\"1 minuto\" \/>\n<script type=\"application\/ld+json\" class=\"yoast-schema-graph\">{\"@context\":\"https:\\\/\\\/schema.org\",\"@graph\":[{\"@type\":\"WebPage\",\"@id\":\"https:\\\/\\\/damasceno85.pt\\\/pt-pt\\\/index.php\\\/contacto\\\/\",\"url\":\"https:\\\/\\\/damasceno85.pt\\\/pt-pt\\\/index.php\\\/contacto\\\/\",\"name\":\"Contacto | DAMASCENO 85\",\"isPartOf\":{\"@id\":\"https:\\\/\\\/damasceno85.pt\\\/pt-pt\\\/#website\"},\"datePublished\":\"2025-09-11T13:03:18+00:00\",\"dateModified\":\"2025-09-20T15:43:00+00:00\",\"description\":\"Contacte-nos para visitar os apartamentos ou saber mais sobre a constru\u00e7\u00e3o.\",\"breadcrumb\":{\"@id\":\"https:\\\/\\\/damasceno85.pt\\\/pt-pt\\\/index.php\\\/contacto\\\/#breadcrumb\"},\"inLanguage\":\"pt-PT\",\"potentialAction\":[{\"@type\":\"ReadAction\",\"target\":[\"https:\\\/\\\/damasceno85.pt\\\/pt-pt\\\/index.php\\\/contacto\\\/\"]}]},{\"@type\":\"BreadcrumbList\",\"@id\":\"https:\\\/\\\/damasceno85.pt\\\/pt-pt\\\/index.php\\\/contacto\\\/#breadcrumb\",\"itemListElement\":[{\"@type\":\"ListItem\",\"position\":1,\"name\":\"Home\",\"item\":\"https:\\\/\\\/damasceno85.pt\\\/pt-pt\\\/\"},{\"@type\":\"ListItem\",\"position\":2,\"name\":\"Contacto\"}]},{\"@type\":\"WebSite\",\"@id\":\"https:\\\/\\\/damasceno85.pt\\\/pt-pt\\\/#website\",\"url\":\"https:\\\/\\\/damasceno85.pt\\\/pt-pt\\\/\",\"name\":\"DAMASCENO 85\",\"description\":\"Your new Residential Construction in Anjos, Lisbon\",\"publisher\":{\"@id\":\"https:\\\/\\\/damasceno85.pt\\\/pt-pt\\\/#organization\"},\"potentialAction\":[{\"@type\":\"SearchAction\",\"target\":{\"@type\":\"EntryPoint\",\"urlTemplate\":\"https:\\\/\\\/damasceno85.pt\\\/pt-pt\\\/?s={search_term_string}\"},\"query-input\":{\"@type\":\"PropertyValueSpecification\",\"valueRequired\":true,\"valueName\":\"search_term_string\"}}],\"inLanguage\":\"pt-PT\"},{\"@type\":\"Organization\",\"@id\":\"https:\\\/\\\/damasceno85.pt\\\/pt-pt\\\/#organization\",\"name\":\"DAMASCENO 85\",\"url\":\"https:\\\/\\\/damasceno85.pt\\\/pt-pt\\\/\",\"logo\":{\"@type\":\"ImageObject\",\"inLanguage\":\"pt-PT\",\"@id\":\"https:\\\/\\\/damasceno85.pt\\\/pt-pt\\\/#\\\/schema\\\/logo\\\/image\\\/\",\"url\":\"https:\\\/\\\/damasceno85.pt\\\/wp-content\\\/uploads\\\/2025\\\/09\\\/Logo-Damasceno-85.png\",\"contentUrl\":\"https:\\\/\\\/damasceno85.pt\\\/wp-content\\\/uploads\\\/2025\\\/09\\\/Logo-Damasceno-85.png\",\"width\":1646,\"height\":344,\"caption\":\"DAMASCENO 85\"},\"image\":{\"@id\":\"https:\\\/\\\/damasceno85.pt\\\/pt-pt\\\/#\\\/schema\\\/logo\\\/image\\\/\"}}]}<\/script>\n<!-- \/ Yoast SEO plugin. -->","yoast_head_json":{"title":"Contacto | DAMASCENO 85","description":"Contacte-nos para visitar os apartamentos ou saber mais sobre a constru\u00e7\u00e3o.","robots":{"index":"index","follow":"follow","max-snippet":"max-snippet:-1","max-image-preview":"max-image-preview:large","max-video-preview":"max-video-preview:-1"},"canonical":"https:\/\/damasceno85.pt\/pt-pt\/index.php\/contacto\/","og_locale":"pt_PT","og_type":"article","og_title":"Contacto | DAMASCENO 85","og_description":"Contacte-nos para visitar os apartamentos ou saber mais sobre a constru\u00e7\u00e3o.","og_url":"https:\/\/damasceno85.pt\/pt-pt\/index.php\/contacto\/","og_site_name":"DAMASCENO 85","article_modified_time":"2025-09-20T15:43:00+00:00","og_image":[{"width":1024,"height":577,"url":"https:\/\/damasceno85.pt\/wp-content\/uploads\/2025\/09\/CB3D_SALA-PISO-1_VIEW-2_LOW-RES_V3-1024x577.png","type":"image\/png"}],"twitter_card":"summary_large_image","twitter_misc":{"Tempo estimado de leitura":"1 minuto"},"schema":{"@context":"https:\/\/schema.org","@graph":[{"@type":"WebPage","@id":"https:\/\/damasceno85.pt\/pt-pt\/index.php\/contacto\/","url":"https:\/\/damasceno85.pt\/pt-pt\/index.php\/contacto\/","name":"Contacto | DAMASCENO 85","isPartOf":{"@id":"https:\/\/damasceno85.pt\/pt-pt\/#website"},"datePublished":"2025-09-11T13:03:18+00:00","dateModified":"2025-09-20T15:43:00+00:00","description":"Contacte-nos para visitar os apartamentos ou saber mais sobre a constru\u00e7\u00e3o.","breadcrumb":{"@id":"https:\/\/damasceno85.pt\/pt-pt\/index.php\/contacto\/#breadcrumb"},"inLanguage":"pt-PT","potentialAction":[{"@type":"ReadAction","target":["https:\/\/damasceno85.pt\/pt-pt\/index.php\/contacto\/"]}]},{"@type":"BreadcrumbList","@id":"https:\/\/damasceno85.pt\/pt-pt\/index.php\/contacto\/#breadcrumb","itemListElement":[{"@type":"ListItem","position":1,"name":"Home","item":"https:\/\/damasceno85.pt\/pt-pt\/"},{"@type":"ListItem","position":2,"name":"Contacto"}]},{"@type":"WebSite","@id":"https:\/\/damasceno85.pt\/pt-pt\/#website","url":"https:\/\/damasceno85.pt\/pt-pt\/","name":"DAMASCENO 85","description":"Your new Residential Construction in Anjos, Lisbon","publisher":{"@id":"https:\/\/damasceno85.pt\/pt-pt\/#organization"},"potentialAction":[{"@type":"SearchAction","target":{"@type":"EntryPoint","urlTemplate":"https:\/\/damasceno85.pt\/pt-pt\/?s={search_term_string}"},"query-input":{"@type":"PropertyValueSpecification","valueRequired":true,"valueName":"search_term_string"}}],"inLanguage":"pt-PT"},{"@type":"Organization","@id":"https:\/\/damasceno85.pt\/pt-pt\/#organization","name":"DAMASCENO 85","url":"https:\/\/damasceno85.pt\/pt-pt\/","logo":{"@type":"ImageObject","inLanguage":"pt-PT","@id":"https:\/\/damasceno85.pt\/pt-pt\/#\/schema\/logo\/image\/","url":"https:\/\/damasceno85.pt\/wp-content\/uploads\/2025\/09\/Logo-Damasceno-85.png","contentUrl":"https:\/\/damasceno85.pt\/wp-content\/uploads\/2025\/09\/Logo-Damasceno-85.png","width":1646,"height":344,"caption":"DAMASCENO 85"},"image":{"@id":"https:\/\/damasceno85.pt\/pt-pt\/#\/schema\/logo\/image\/"}}]}},"_links":{"self":[{"href":"https:\/\/damasceno85.pt\/pt-pt\/index.php\/wp-json\/wp\/v2\/pages\/510","targetHints":{"allow":["GET"]}}],"collection":[{"href":"https:\/\/damasceno85.pt\/pt-pt\/index.php\/wp-json\/wp\/v2\/pages"}],"about":[{"href":"https:\/\/damasceno85.pt\/pt-pt\/index.php\/wp-json\/wp\/v2\/types\/page"}],"author":[{"embeddable":true,"href":"https:\/\/damasceno85.pt\/pt-pt\/index.php\/wp-json\/wp\/v2\/users\/1"}],"replies":[{"embeddable":true,"href":"https:\/\/damasceno85.pt\/pt-pt\/index.php\/wp-json\/wp\/v2\/comments?post=510"}],"version-history":[{"count":1,"href":"https:\/\/damasceno85.pt\/pt-pt\/index.php\/wp-json\/wp\/v2\/pages\/510\/revisions"}],"predecessor-version":[{"id":511,"href":"https:\/\/damasceno85.pt\/pt-pt\/index.php\/wp-json\/wp\/v2\/pages\/510\/revisions\/511"}],"wp:attachment":[{"href":"https:\/\/damasceno85.pt\/pt-pt\/index.php\/wp-json\/wp\/v2\/media?parent=510"}],"curies":[{"name":"wp","href":"https:\/\/api.w.org\/{rel}","templated":true}]}}