{"id":508,"date":"2025-09-11T13:02:48","date_gmt":"2025-09-11T13:02:48","guid":{"rendered":"https:\/\/damasceno85.pt\/index.php\/localizacao\/"},"modified":"2025-09-20T15:41:36","modified_gmt":"2025-09-20T15:41:36","slug":"localizacao","status":"publish","type":"page","link":"https:\/\/damasceno85.pt\/pt-pt\/index.php\/localizacao\/","title":{"rendered":"Localiza\u00e7\u00e3o"},"content":{"rendered":"\t\t<div data-elementor-type=\"wp-page\" data-elementor-id=\"508\" class=\"elementor elementor-508 elementor-113\" data-elementor-post-type=\"page\">\n\t\t\t\t<div class=\"elementor-element elementor-element-0de73dd e-flex e-con-boxed e-con e-parent\" data-id=\"0de73dd\" data-element_type=\"container\" data-e-type=\"container\" data-settings=\"{&quot;background_background&quot;:&quot;classic&quot;}\">\n\t\t\t\t\t<div class=\"e-con-inner\">\n\t\t\t\t\t<\/div>\n\t\t\t\t<\/div>\n\t\t<div class=\"elementor-element elementor-element-f017a99 e-flex e-con-boxed e-con e-parent\" data-id=\"f017a99\" data-element_type=\"container\" data-e-type=\"container\">\n\t\t\t\t\t<div class=\"e-con-inner\">\n\t\t<div class=\"elementor-element elementor-element-95057d1 e-con-full e-flex e-con e-child\" data-id=\"95057d1\" data-element_type=\"container\" data-e-type=\"container\" data-settings=\"{&quot;background_background&quot;:&quot;classic&quot;,&quot;background_motion_fx_motion_fx_scrolling&quot;:&quot;yes&quot;,&quot;background_motion_fx_scale_effect&quot;:&quot;yes&quot;,&quot;background_motion_fx_scale_direction&quot;:&quot;in-out&quot;,&quot;background_motion_fx_scale_speed&quot;:{&quot;unit&quot;:&quot;px&quot;,&quot;size&quot;:4,&quot;sizes&quot;:[]},&quot;background_motion_fx_scale_range&quot;:{&quot;unit&quot;:&quot;%&quot;,&quot;size&quot;:&quot;&quot;,&quot;sizes&quot;:{&quot;start&quot;:20,&quot;end&quot;:80}},&quot;background_motion_fx_devices&quot;:[&quot;desktop&quot;,&quot;tablet&quot;,&quot;mobile&quot;]}\">\n\t\t\t\t<div class=\"elementor-element elementor-element-c8256b5 elementor-position-inline-start elementor-view-default elementor-mobile-position-block-start elementor-widget elementor-widget-icon-box\" data-id=\"c8256b5\" data-element_type=\"widget\" data-e-type=\"widget\" data-widget_type=\"icon-box.default\">\n\t\t\t\t\t\t\t<div class=\"elementor-icon-box-wrapper\">\n\n\t\t\t\t\t\t<div class=\"elementor-icon-box-icon\">\n\t\t\t\t<span  class=\"elementor-icon\">\n\t\t\t\t<svg aria-hidden=\"true\" class=\"e-font-icon-svg e-fas-circle\" viewBox=\"0 0 512 512\" xmlns=\"http:\/\/www.w3.org\/2000\/svg\"><path d=\"M256 8C119 8 8 119 8 256s111 248 248 248 248-111 248-248S393 8 256 8z\"><\/path><\/svg>\t\t\t\t<\/span>\n\t\t\t<\/div>\n\t\t\t\n\t\t\t\t\t\t<div class=\"elementor-icon-box-content\">\n\n\t\t\t\t\t\t\t\t\t<h1 class=\"elementor-icon-box-title\">\n\t\t\t\t\t\t<span  >\n\t\t\t\t\t\t\tA localiza\u00e7\u00e3o | Damasceno Monteiro 85\t\t\t\t\t\t<\/span>\n\t\t\t\t\t<\/h1>\n\t\t\t\t\n\t\t\t\t\n\t\t\t<\/div>\n\t\t\t\n\t\t<\/div>\n\t\t\t\t\t\t<\/div>\n\t\t\t\t<div class=\"elementor-element elementor-element-5f16fc0 elementor-widget elementor-widget-heading\" data-id=\"5f16fc0\" data-element_type=\"widget\" data-e-type=\"widget\" data-widget_type=\"heading.default\">\n\t\t\t\t\t<h2 class=\"elementor-heading-title elementor-size-default\">Zona vibrante na zona centro-leste de Lisboa, entre os Anjos e a Gra\u00e7a<\/h2>\t\t\t\t<\/div>\n\t\t\t\t<\/div>\n\t\t<div class=\"elementor-element elementor-element-f4223ec e-con-full e-flex e-con e-child\" data-id=\"f4223ec\" data-element_type=\"container\" data-e-type=\"container\">\n\t\t\t\t<div class=\"elementor-element elementor-element-2d9faf0 elementor-widget elementor-widget-text-editor\" data-id=\"2d9faf0\" data-element_type=\"widget\" data-e-type=\"widget\" data-widget_type=\"text-editor.default\">\n\t\t\t\t\t\t\t\t\t<p class=\"p1\">O Damasceno 85 est\u00e1 localizado na zona centro-leste de Lisboa, considerada o bairro mais cool em 2019 pela revista TimeOut. A Gra\u00e7a oferece as mais belas vistas e pores do sol que se podem apreciar nos v\u00e1rios miradouros da zona.<\/p><p class=\"p1\">Ao caminhar pelas ruas, pode escolher entre uma diversidade de restaurantes, bares, cervejarias artesanais, e bares de vinhos que oferecem uma selec\u00e7\u00e3o exclusiva de vinhos de It\u00e1lia, Fran\u00e7a e, obviamente, de Portugal.<\/p>\t\t\t\t\t\t\t\t<\/div>\n\t\t\t\t<\/div>\n\t\t\t\t\t<\/div>\n\t\t\t\t<\/div>\n\t\t<div class=\"elementor-element elementor-element-709cb49 e-flex e-con-boxed e-con e-parent\" data-id=\"709cb49\" data-element_type=\"container\" data-e-type=\"container\">\n\t\t\t\t\t<div class=\"e-con-inner\">\n\t\t<div class=\"elementor-element elementor-element-9ddae3e e-con-full e-flex e-con e-child\" data-id=\"9ddae3e\" data-element_type=\"container\" data-e-type=\"container\">\n\t\t\t\t<div class=\"elementor-element elementor-element-886940c elementor-widget elementor-widget-image\" data-id=\"886940c\" data-element_type=\"widget\" data-e-type=\"widget\" data-widget_type=\"image.default\">\n\t\t\t\t\t\t\t\t\t\t\t\t\t\t\t<img fetchpriority=\"high\" decoding=\"async\" width=\"2440\" height=\"1727\" src=\"https:\/\/damasceno85.pt\/wp-content\/uploads\/2025\/09\/Map-Damasceno-85-e1757593847420.png\" class=\"attachment-full size-full wp-image-495\" alt=\"\" srcset=\"https:\/\/damasceno85.pt\/wp-content\/uploads\/2025\/09\/Map-Damasceno-85-e1757593847420.png 2440w, https:\/\/damasceno85.pt\/wp-content\/uploads\/2025\/09\/Map-Damasceno-85-e1757593847420-300x212.png 300w, https:\/\/damasceno85.pt\/wp-content\/uploads\/2025\/09\/Map-Damasceno-85-e1757593847420-1024x725.png 1024w, https:\/\/damasceno85.pt\/wp-content\/uploads\/2025\/09\/Map-Damasceno-85-e1757593847420-768x544.png 768w, https:\/\/damasceno85.pt\/wp-content\/uploads\/2025\/09\/Map-Damasceno-85-e1757593847420-1536x1087.png 1536w, https:\/\/damasceno85.pt\/wp-content\/uploads\/2025\/09\/Map-Damasceno-85-e1757593847420-2048x1450.png 2048w\" sizes=\"(max-width: 2440px) 100vw, 2440px\" \/>\t\t\t\t\t\t\t\t\t\t\t\t\t\t\t<\/div>\n\t\t\t\t<\/div>\n\t\t\t\t\t<\/div>\n\t\t\t\t<\/div>\n\t\t<div class=\"elementor-element elementor-element-997f9e4 e-con-full e-flex e-con e-parent\" data-id=\"997f9e4\" data-element_type=\"container\" data-e-type=\"container\">\n\t\t\t\t<div class=\"elementor-element elementor-element-f2f174b elementor-skin-carousel elementor-pagination-type-bullets elementor-pagination-position-outside elementor-widget elementor-widget-media-carousel\" data-id=\"f2f174b\" data-element_type=\"widget\" data-e-type=\"widget\" data-settings=\"{&quot;slides_per_view&quot;:&quot;3&quot;,&quot;slides_per_view_tablet&quot;:&quot;3&quot;,&quot;skin&quot;:&quot;carousel&quot;,&quot;effect&quot;:&quot;slide&quot;,&quot;pagination&quot;:&quot;bullets&quot;,&quot;speed&quot;:500,&quot;space_between&quot;:{&quot;unit&quot;:&quot;px&quot;,&quot;size&quot;:10,&quot;sizes&quot;:[]},&quot;space_between_tablet&quot;:{&quot;unit&quot;:&quot;px&quot;,&quot;size&quot;:10,&quot;sizes&quot;:[]},&quot;space_between_mobile&quot;:{&quot;unit&quot;:&quot;px&quot;,&quot;size&quot;:10,&quot;sizes&quot;:[]}}\" data-widget_type=\"media-carousel.default\">\n\t\t\t\t\t\t\t\t\t\t<div class=\"elementor-main-swiper swiper\" role=\"region\" aria-roledescription=\"carousel\" aria-label=\"Slides\">\n\t\t\t\t<div class=\"swiper-wrapper\">\n\t\t\t\t\t\t\t\t\t\t\t<div class=\"swiper-slide\" role=\"group\" aria-roledescription=\"slide\">\n\t\t\t\t\t\t\t\t\t<div class=\"elementor-carousel-image\" role=\"img\" aria-label=\"Lisboa\" style=\"background-image: url(&#039;https:\/\/damasceno85.pt\/wp-content\/uploads\/2025\/09\/Lisbon.png&#039;)\">\n\n\t\t\t\n\t\t\t\t\t<\/div>\n\t\t\t\t\t\t\t\t<\/div>\n\t\t\t\t\t\t\t\t\t\t\t<div class=\"swiper-slide\" role=\"group\" aria-roledescription=\"slide\">\n\t\t\t\t\t\t\t\t\t<div class=\"elementor-carousel-image\" role=\"img\" aria-label=\"Gra\u00e7a\" style=\"background-image: url(&#039;https:\/\/damasceno85.pt\/wp-content\/uploads\/2025\/09\/Graca.png&#039;)\">\n\n\t\t\t\n\t\t\t\t\t<\/div>\n\t\t\t\t\t\t\t\t<\/div>\n\t\t\t\t\t\t\t\t\t\t\t<div class=\"swiper-slide\" role=\"group\" aria-roledescription=\"slide\">\n\t\t\t\t\t\t\t\t\t<div class=\"elementor-carousel-image\" role=\"img\" aria-label=\"Gra\u00e7a, Lisboa\" style=\"background-image: url(&#039;https:\/\/damasceno85.pt\/wp-content\/uploads\/2025\/09\/Graca-Lisboa.png&#039;)\">\n\n\t\t\t\n\t\t\t\t\t<\/div>\n\t\t\t\t\t\t\t\t<\/div>\n\t\t\t\t\t\t\t\t\t<\/div>\n\t\t\t\t\t\t\t\t\t\t\t\t\t\t\t\t\t\t\t\t<div class=\"swiper-pagination\"><\/div>\n\t\t\t\t\t\t\t\t\t\t\t\t<\/div>\n\t\t\t\t\t\t\t\t<\/div>\n\t\t\t\t<\/div>\n\t\t\t\t<\/div>\n\t\t","protected":false},"excerpt":{"rendered":"<p>A localiza\u00e7\u00e3o | Damasceno Monteiro 85 Zona vibrante na zona centro-leste de Lisboa, entre os Anjos e a Gra\u00e7a O Damasceno 85 est\u00e1 localizado na zona centro-leste de Lisboa, considerada o bairro mais cool em 2019 pela revista TimeOut. A Gra\u00e7a oferece as mais belas vistas e pores do sol que se podem apreciar nos [&hellip;]<\/p>\n","protected":false},"author":1,"featured_media":0,"parent":0,"menu_order":0,"comment_status":"closed","ping_status":"closed","template":"","meta":{"footnotes":""},"class_list":["post-508","page","type-page","status-publish","hentry"],"yoast_head":"<!-- This site is optimized with the Yoast SEO plugin v27.4 - https:\/\/yoast.com\/product\/yoast-seo-wordpress\/ -->\n<title>Localiza\u00e7\u00e3o | DAMASCENO 85<\/title>\n<meta name=\"description\" content=\"Damasceno 85: Residencial vibrante entre Anjos e Gra\u00e7a.\" \/>\n<meta name=\"robots\" content=\"index, follow, max-snippet:-1, max-image-preview:large, max-video-preview:-1\" \/>\n<link rel=\"canonical\" href=\"https:\/\/damasceno85.pt\/pt-pt\/index.php\/localizacao\/\" \/>\n<meta property=\"og:locale\" content=\"pt_PT\" \/>\n<meta property=\"og:type\" content=\"article\" \/>\n<meta property=\"og:title\" content=\"Localiza\u00e7\u00e3o | DAMASCENO 85\" \/>\n<meta property=\"og:description\" content=\"Damasceno 85: Residencial vibrante entre Anjos e Gra\u00e7a.\" \/>\n<meta property=\"og:url\" content=\"https:\/\/damasceno85.pt\/pt-pt\/index.php\/localizacao\/\" \/>\n<meta property=\"og:site_name\" content=\"DAMASCENO 85\" \/>\n<meta property=\"article:modified_time\" content=\"2025-09-20T15:41:36+00:00\" \/>\n<meta property=\"og:image\" content=\"https:\/\/damasceno85.pt\/wp-content\/uploads\/2025\/09\/Map-Damasceno-85-e1757593847420.png\" \/>\n\t<meta property=\"og:image:width\" content=\"2440\" \/>\n\t<meta property=\"og:image:height\" content=\"1727\" \/>\n\t<meta property=\"og:image:type\" content=\"image\/png\" \/>\n<meta name=\"twitter:card\" content=\"summary_large_image\" \/>\n<script type=\"application\/ld+json\" class=\"yoast-schema-graph\">{\"@context\":\"https:\\\/\\\/schema.org\",\"@graph\":[{\"@type\":\"WebPage\",\"@id\":\"https:\\\/\\\/damasceno85.pt\\\/pt-pt\\\/index.php\\\/localizacao\\\/\",\"url\":\"https:\\\/\\\/damasceno85.pt\\\/pt-pt\\\/index.php\\\/localizacao\\\/\",\"name\":\"Localiza\u00e7\u00e3o | DAMASCENO 85\",\"isPartOf\":{\"@id\":\"https:\\\/\\\/damasceno85.pt\\\/pt-pt\\\/#website\"},\"primaryImageOfPage\":{\"@id\":\"https:\\\/\\\/damasceno85.pt\\\/pt-pt\\\/index.php\\\/localizacao\\\/#primaryimage\"},\"image\":{\"@id\":\"https:\\\/\\\/damasceno85.pt\\\/pt-pt\\\/index.php\\\/localizacao\\\/#primaryimage\"},\"thumbnailUrl\":\"https:\\\/\\\/damasceno85.pt\\\/wp-content\\\/uploads\\\/2025\\\/09\\\/Map-Damasceno-85-e1757593847420.png\",\"datePublished\":\"2025-09-11T13:02:48+00:00\",\"dateModified\":\"2025-09-20T15:41:36+00:00\",\"description\":\"Damasceno 85: Residencial vibrante entre Anjos e Gra\u00e7a.\",\"breadcrumb\":{\"@id\":\"https:\\\/\\\/damasceno85.pt\\\/pt-pt\\\/index.php\\\/localizacao\\\/#breadcrumb\"},\"inLanguage\":\"pt-PT\",\"potentialAction\":[{\"@type\":\"ReadAction\",\"target\":[\"https:\\\/\\\/damasceno85.pt\\\/pt-pt\\\/index.php\\\/localizacao\\\/\"]}]},{\"@type\":\"ImageObject\",\"inLanguage\":\"pt-PT\",\"@id\":\"https:\\\/\\\/damasceno85.pt\\\/pt-pt\\\/index.php\\\/localizacao\\\/#primaryimage\",\"url\":\"https:\\\/\\\/damasceno85.pt\\\/wp-content\\\/uploads\\\/2025\\\/09\\\/Map-Damasceno-85-e1757593847420.png\",\"contentUrl\":\"https:\\\/\\\/damasceno85.pt\\\/wp-content\\\/uploads\\\/2025\\\/09\\\/Map-Damasceno-85-e1757593847420.png\"},{\"@type\":\"BreadcrumbList\",\"@id\":\"https:\\\/\\\/damasceno85.pt\\\/pt-pt\\\/index.php\\\/localizacao\\\/#breadcrumb\",\"itemListElement\":[{\"@type\":\"ListItem\",\"position\":1,\"name\":\"Home\",\"item\":\"https:\\\/\\\/damasceno85.pt\\\/pt-pt\\\/\"},{\"@type\":\"ListItem\",\"position\":2,\"name\":\"Localiza\u00e7\u00e3o\"}]},{\"@type\":\"WebSite\",\"@id\":\"https:\\\/\\\/damasceno85.pt\\\/pt-pt\\\/#website\",\"url\":\"https:\\\/\\\/damasceno85.pt\\\/pt-pt\\\/\",\"name\":\"DAMASCENO 85\",\"description\":\"Your new Residential Construction in Anjos, Lisbon\",\"publisher\":{\"@id\":\"https:\\\/\\\/damasceno85.pt\\\/pt-pt\\\/#organization\"},\"potentialAction\":[{\"@type\":\"SearchAction\",\"target\":{\"@type\":\"EntryPoint\",\"urlTemplate\":\"https:\\\/\\\/damasceno85.pt\\\/pt-pt\\\/?s={search_term_string}\"},\"query-input\":{\"@type\":\"PropertyValueSpecification\",\"valueRequired\":true,\"valueName\":\"search_term_string\"}}],\"inLanguage\":\"pt-PT\"},{\"@type\":\"Organization\",\"@id\":\"https:\\\/\\\/damasceno85.pt\\\/pt-pt\\\/#organization\",\"name\":\"DAMASCENO 85\",\"url\":\"https:\\\/\\\/damasceno85.pt\\\/pt-pt\\\/\",\"logo\":{\"@type\":\"ImageObject\",\"inLanguage\":\"pt-PT\",\"@id\":\"https:\\\/\\\/damasceno85.pt\\\/pt-pt\\\/#\\\/schema\\\/logo\\\/image\\\/\",\"url\":\"https:\\\/\\\/damasceno85.pt\\\/wp-content\\\/uploads\\\/2025\\\/09\\\/Logo-Damasceno-85.png\",\"contentUrl\":\"https:\\\/\\\/damasceno85.pt\\\/wp-content\\\/uploads\\\/2025\\\/09\\\/Logo-Damasceno-85.png\",\"width\":1646,\"height\":344,\"caption\":\"DAMASCENO 85\"},\"image\":{\"@id\":\"https:\\\/\\\/damasceno85.pt\\\/pt-pt\\\/#\\\/schema\\\/logo\\\/image\\\/\"}}]}<\/script>\n<!-- \/ Yoast SEO plugin. -->","yoast_head_json":{"title":"Localiza\u00e7\u00e3o | DAMASCENO 85","description":"Damasceno 85: Residencial vibrante entre Anjos e Gra\u00e7a.","robots":{"index":"index","follow":"follow","max-snippet":"max-snippet:-1","max-image-preview":"max-image-preview:large","max-video-preview":"max-video-preview:-1"},"canonical":"https:\/\/damasceno85.pt\/pt-pt\/index.php\/localizacao\/","og_locale":"pt_PT","og_type":"article","og_title":"Localiza\u00e7\u00e3o | DAMASCENO 85","og_description":"Damasceno 85: Residencial vibrante entre Anjos e Gra\u00e7a.","og_url":"https:\/\/damasceno85.pt\/pt-pt\/index.php\/localizacao\/","og_site_name":"DAMASCENO 85","article_modified_time":"2025-09-20T15:41:36+00:00","og_image":[{"width":2440,"height":1727,"url":"https:\/\/damasceno85.pt\/wp-content\/uploads\/2025\/09\/Map-Damasceno-85-e1757593847420.png","type":"image\/png"}],"twitter_card":"summary_large_image","schema":{"@context":"https:\/\/schema.org","@graph":[{"@type":"WebPage","@id":"https:\/\/damasceno85.pt\/pt-pt\/index.php\/localizacao\/","url":"https:\/\/damasceno85.pt\/pt-pt\/index.php\/localizacao\/","name":"Localiza\u00e7\u00e3o | DAMASCENO 85","isPartOf":{"@id":"https:\/\/damasceno85.pt\/pt-pt\/#website"},"primaryImageOfPage":{"@id":"https:\/\/damasceno85.pt\/pt-pt\/index.php\/localizacao\/#primaryimage"},"image":{"@id":"https:\/\/damasceno85.pt\/pt-pt\/index.php\/localizacao\/#primaryimage"},"thumbnailUrl":"https:\/\/damasceno85.pt\/wp-content\/uploads\/2025\/09\/Map-Damasceno-85-e1757593847420.png","datePublished":"2025-09-11T13:02:48+00:00","dateModified":"2025-09-20T15:41:36+00:00","description":"Damasceno 85: Residencial vibrante entre Anjos e Gra\u00e7a.","breadcrumb":{"@id":"https:\/\/damasceno85.pt\/pt-pt\/index.php\/localizacao\/#breadcrumb"},"inLanguage":"pt-PT","potentialAction":[{"@type":"ReadAction","target":["https:\/\/damasceno85.pt\/pt-pt\/index.php\/localizacao\/"]}]},{"@type":"ImageObject","inLanguage":"pt-PT","@id":"https:\/\/damasceno85.pt\/pt-pt\/index.php\/localizacao\/#primaryimage","url":"https:\/\/damasceno85.pt\/wp-content\/uploads\/2025\/09\/Map-Damasceno-85-e1757593847420.png","contentUrl":"https:\/\/damasceno85.pt\/wp-content\/uploads\/2025\/09\/Map-Damasceno-85-e1757593847420.png"},{"@type":"BreadcrumbList","@id":"https:\/\/damasceno85.pt\/pt-pt\/index.php\/localizacao\/#breadcrumb","itemListElement":[{"@type":"ListItem","position":1,"name":"Home","item":"https:\/\/damasceno85.pt\/pt-pt\/"},{"@type":"ListItem","position":2,"name":"Localiza\u00e7\u00e3o"}]},{"@type":"WebSite","@id":"https:\/\/damasceno85.pt\/pt-pt\/#website","url":"https:\/\/damasceno85.pt\/pt-pt\/","name":"DAMASCENO 85","description":"Your new Residential Construction in Anjos, Lisbon","publisher":{"@id":"https:\/\/damasceno85.pt\/pt-pt\/#organization"},"potentialAction":[{"@type":"SearchAction","target":{"@type":"EntryPoint","urlTemplate":"https:\/\/damasceno85.pt\/pt-pt\/?s={search_term_string}"},"query-input":{"@type":"PropertyValueSpecification","valueRequired":true,"valueName":"search_term_string"}}],"inLanguage":"pt-PT"},{"@type":"Organization","@id":"https:\/\/damasceno85.pt\/pt-pt\/#organization","name":"DAMASCENO 85","url":"https:\/\/damasceno85.pt\/pt-pt\/","logo":{"@type":"ImageObject","inLanguage":"pt-PT","@id":"https:\/\/damasceno85.pt\/pt-pt\/#\/schema\/logo\/image\/","url":"https:\/\/damasceno85.pt\/wp-content\/uploads\/2025\/09\/Logo-Damasceno-85.png","contentUrl":"https:\/\/damasceno85.pt\/wp-content\/uploads\/2025\/09\/Logo-Damasceno-85.png","width":1646,"height":344,"caption":"DAMASCENO 85"},"image":{"@id":"https:\/\/damasceno85.pt\/pt-pt\/#\/schema\/logo\/image\/"}}]}},"_links":{"self":[{"href":"https:\/\/damasceno85.pt\/pt-pt\/index.php\/wp-json\/wp\/v2\/pages\/508","targetHints":{"allow":["GET"]}}],"collection":[{"href":"https:\/\/damasceno85.pt\/pt-pt\/index.php\/wp-json\/wp\/v2\/pages"}],"about":[{"href":"https:\/\/damasceno85.pt\/pt-pt\/index.php\/wp-json\/wp\/v2\/types\/page"}],"author":[{"embeddable":true,"href":"https:\/\/damasceno85.pt\/pt-pt\/index.php\/wp-json\/wp\/v2\/users\/1"}],"replies":[{"embeddable":true,"href":"https:\/\/damasceno85.pt\/pt-pt\/index.php\/wp-json\/wp\/v2\/comments?post=508"}],"version-history":[{"count":1,"href":"https:\/\/damasceno85.pt\/pt-pt\/index.php\/wp-json\/wp\/v2\/pages\/508\/revisions"}],"predecessor-version":[{"id":509,"href":"https:\/\/damasceno85.pt\/pt-pt\/index.php\/wp-json\/wp\/v2\/pages\/508\/revisions\/509"}],"wp:attachment":[{"href":"https:\/\/damasceno85.pt\/pt-pt\/index.php\/wp-json\/wp\/v2\/media?parent=508"}],"curies":[{"name":"wp","href":"https:\/\/api.w.org\/{rel}","templated":true}]}}